{"id":76,"date":"2025-06-13T09:52:13","date_gmt":"2025-06-13T09:52:13","guid":{"rendered":"https:\/\/good-sales.alpeinsoft.com\/index.php\/careers\/"},"modified":"2025-06-19T08:06:18","modified_gmt":"2025-06-19T08:06:18","slug":"careers","status":"publish","type":"page","link":"https:\/\/good-sales.alpeinsoft.com\/index.php\/careers\/","title":{"rendered":"Careers"},"content":{"rendered":"\n<div class=\"section-wrapper\" data-id=\"VGaeFL\"><section class=\"wp-block-gutenverse-section guten-element guten-section guten-VGaeFL hide-tablet hide-mobile layout-boxed align-stretch\"><div class=\"guten-container guten-column-gap-default\">\n<div class=\"wp-block-gutenverse-column guten-element guten-column guten-Ym3W5U\"><div class=\"guten-column-wrapper\" data-id=\"Ym3W5U\">\n<div class=\"guten-element guten-icon-list guten-ffEAbD\"><div class=\" list-wrapper inline-icon-list\">\n<div class=\"guten-element guten-icon-list-item guten-mJeZQO\"><div class=\"list-divider\"><\/div><a id=\"guten-mJeZQO\"><i class=\"fas fa-envelope\"><\/i><span class=\"list-text \">info@good-sales.de<\/span><\/a><\/div>\n\n\n\n<div class=\"guten-element guten-icon-list-item guten-xHLkXJ\"><div class=\"list-divider\"><\/div><a id=\"guten-xHLkXJ\"><i class=\"fas fa-map-marker-alt\"><\/i><span class=\"list-text \">Hofmannstra\u00dfe 7B, 81379 M\u00fcnchen<\/span><\/a><\/div>\n<\/div><\/div>\n<\/div><\/div>\n\n\n\n<div class=\"wp-block-gutenverse-column guten-element guten-column guten-ZiinjO\"><div class=\"guten-column-wrapper\" data-id=\"ZiinjO\">\n<div class=\"guten-element guten-social-icons guten-fT6Xee circle horizontal fill\">\n<div class=\"guten-element guten-social-icon guten-AM5DkA facebook\"><a id=\"guten-AM5DkA\" href=\"#\"><i class=\"gtn gtn-facebook-light\"><\/i><\/a><\/div>\n\n\n\n<div class=\"guten-element guten-social-icon guten-Bvd7kJ twitter\"><a id=\"guten-Bvd7kJ\" href=\"#\"><i class=\"fab fa-x-twitter\"><\/i><\/a><\/div>\n\n\n\n<div class=\"guten-element guten-social-icon guten-vHYhac instagram\"><a id=\"guten-vHYhac\" href=\"#\"><i class=\"fab fa-instagram\"><\/i><\/a><\/div>\n\n\n\n<div class=\"guten-element guten-social-icon guten-p6VhZ6 link\"><a id=\"guten-p6VhZ6\" href=\"#\"><i class=\"gtn gtn-linkedin-light\"><\/i><\/a><\/div>\n<\/div>\n<\/div><\/div>\n<\/div><\/section><\/div>\n\n\n\n<div class=\"section-wrapper\" data-id=\"BUa5o6\"><section class=\"wp-block-gutenverse-section guten-element guten-section guten-BUa5o6 layout-boxed align-stretch\"><div class=\"guten-container guten-column-gap-no\">\n<div class=\"wp-block-gutenverse-column guten-element guten-column guten-HwEZf4\"><div class=\"guten-column-wrapper\" data-id=\"HwEZf4\">\n<div class=\"wp-block-gutenverse-image guten-element guten-image guten-EKNVl5\"><a class=\"guten-image-wrapper\" href=\"\/\"><img loading=\"lazy\" decoding=\"async\" class=\"gutenverse-image-box-filled\" src=\"http:\/\/good-sales.alpeinsoft.com\/wp-content\/uploads\/2025\/06\/GOODSALES.png\" height=\"383\" width=\"945\"\/><\/a><\/div>\n<\/div><\/div>\n\n\n\n<div class=\"wp-block-gutenverse-column guten-element guten-column guten-ckTJuM\"><div class=\"guten-column-wrapper\" data-id=\"ckTJuM\"><div id=\"guten-flYFfm\" class=\"guten-element guten-nav-menu nav-menu break-point-tablet submenu-click-title \" data-item-indicator=\"gtn gtn-chevron-down-light\" data-close-on-click=\"1\">\n\t\t\t<div class=\"gutenverse-hamburger-wrapper\">\n\t\t\t\t<button class=\"gutenverse-hamburger-menu\">\n\t\t\t\t\t<i aria-hidden=\"true\" class=\"gtn gtn-bars-solid\"><\/i>\n\t\t\t\t<\/button>\n\t\t\t<\/div>\n\t\t\t<div class=\"guten-nav-overlay\"><\/div>\n\t\t\t<div class=\"gutenverse-menu-wrapper\"><div class=\"gutenverse-menu-container\"><ul id=\"menu-callerr-1\" class=\"gutenverse-menu\"><li id=\"menu-item-44\" class=\"menu-item menu-item-type-custom menu-item-object-custom menu-item-home menu-item-44\"><a href=\"javascript:void(0);\" data-href=\"https:\/\/good-sales.alpeinsoft.com\/\">Home<\/a><\/li>\n<li id=\"menu-item-50\" class=\"menu-item menu-item-type-custom menu-item-object-custom menu-item-50\"><a href=\"javascript:void(0);\" data-href=\"https:\/\/good-sales.alpeinsoft.com\/index.php\/careers\/\">Karriere<\/a><\/li>\n<li id=\"menu-item-53\" class=\"menu-item menu-item-type-custom menu-item-object-custom menu-item-53\"><a href=\"javascript:void(0);\" data-href=\"https:\/\/good-sales.alpeinsoft.com\/index.php\/blog\/\">Blog<\/a><\/li>\n<li id=\"menu-item-55\" class=\"menu-item menu-item-type-custom menu-item-object-custom menu-item-55\"><a href=\"javascript:void(0);\" data-href=\"https:\/\/good-sales.alpeinsoft.com\/index.php\/contact\/\">Kontakt<\/a><\/li>\n<\/ul><\/div>\n\t\t\t\t<div>\n\t\t\t\t\t<div class=\"gutenverse-nav-identity-panel\">\n\t\t\t\t\t\t<div class=\"gutenverse-nav-site-title\">\n\t\t\t\t\t\t\t<a href=\"https:\/\/good-sales.alpeinsoft.com\" class=\"gutenverse-nav-logo\"><img decoding=\"async\" src=\"http:\/\/good-sales.alpeinsoft.com\/wp-content\/uploads\/2025\/06\/logo-callerr.webp\" alt=\"good-sales - \"><\/a>\n\t\t\t\t\t\t<\/div>\n\t\t\t\t\t\t<button class=\"gutenverse-close-menu\"><i aria-hidden=\"true\" class=\"gtn gtn-times-solid\"><\/i><\/button>\n\t\t\t\t\t<\/div>\n\t\t\t\t<\/div>\n\t\t\t<\/div>\n\t\t<\/div><\/div><\/div>\n\n\n\n<div class=\"wp-block-gutenverse-column guten-element guten-column guten-JTCeCS hide-mobile\"><div class=\"guten-column-wrapper\" data-id=\"JTCeCS\">\n<div class=\"guten-element guten-Ad5G1o guten-icon-box icon-position-left\"><div class=\"guten-icon-box-wrapper hover-from-left\"><div class=\"icon-box icon-box-header\"><div class=\"icon bg-style-color\"><i class=\"gtn gtn-chat-light icon-style-color\"><\/i><\/div><\/div><div class=\"icon-box icon-box-body\"><h4 class=\"title\">Rufen Sie uns an!<\/h4><p class=\"icon-box-description\">089 \/ 74 88 04 3-11<\/p><\/div><\/div><\/div>\n<\/div><\/div>\n<\/div><\/section><\/div>\n\n\n\n<div class=\"section-wrapper\" data-id=\"ShAdSa\"><section class=\"wp-block-gutenverse-section guten-element guten-section guten-ShAdSa layout-boxed align-stretch\"><div class=\"guten-background-overlay\"><\/div><div class=\"guten-container guten-column-gap-default\">\n<div class=\"wp-block-gutenverse-column guten-element guten-column guten-d4rPj1\"><div class=\"guten-column-wrapper\" data-id=\"d4rPj1\">\n<h1 class=\"wp-block-gutenverse-heading guten-element guten-txjEfe animated guten-element-hide desktop-fadeInUp\"><strong>Ihre Karriere bei GoodSales \u2013 Werden Sie Teil unseres erfolgreichen Teams!<\/strong><\/h1>\n\n\n\n<div class=\"guten-element gutenverse-text-editor guten-6NeySc animated guten-element-hide desktop-fadeInUp\"><div class=\"text-content-inner\">\n<p class=\"has-text-align-left\">GoodSales \u2013 eine Marke der GoodMen Group GmbH &amp; Co. KG \u2013 ist seit \u00fcber 18 Jahren ein f\u00fchrender Anbieter im Bereich B2B-Vertrieb, Telefonmarketing und Kundenservice. Mit \u00fcber 1400 zufriedenen Kunden, mehr als 1000 Projekten und t\u00e4glich \u00fcber 500 gef\u00fchrten Gespr\u00e4chen bieten wir Ihnen ein professionelles und dynamisches Arbeitsumfeld.<\/p>\n<\/div><\/div>\n<\/div><\/div>\n<\/div><\/section><\/div>\n\n\n\n<div class=\"section-wrapper\" data-id=\"DjBDBM\"><section class=\"wp-block-gutenverse-section guten-element guten-section guten-DjBDBM layout-boxed align-stretch\"><div class=\"guten-container guten-column-gap-default\">\n<div class=\"wp-block-gutenverse-column guten-element guten-column guten-YWNzP9\"><div class=\"guten-column-wrapper\" data-id=\"YWNzP9\">\n<div class=\"guten-element guten-icon-list guten-gHn5gG animated guten-element-hide desktop-fadeInLeft\"><div class=\" list-wrapper \">\n<div class=\"guten-element guten-icon-list-item guten-xou74n\"><div class=\"list-divider\"><\/div><a id=\"guten-xou74n\"><i class=\"gtn gtn-team1-light\"><\/i><span class=\"list-text \"><strong>Karriere<\/strong><\/span><\/a><\/div>\n<\/div><\/div>\n\n\n\n<h2 class=\"wp-block-gutenverse-heading guten-element guten-zzztVu animated guten-element-hide desktop-fadeInLeft\"><strong>Wir suchen Pers\u00f6nlichkeiten, keine Lebensl\u00e4ufe.<\/strong><\/h2>\n\n\n\n<div class=\"guten-element gutenverse-text-editor guten-yat4rV animated guten-element-hide desktop-fadeInLeft\"><div class=\"text-content-inner\">\n<p>Sie m\u00f6chten aktiv zum Erfolg unserer Kunden beitragen und Teil eines ambitionierten Teams werden? Dann bewerben Sie sich jetzt!<\/p>\n<\/div><\/div>\n\n\n\n<div class=\"section-wrapper\" data-id=\"9f2Sq6\"><section class=\"wp-block-gutenverse-section guten-element guten-section guten-9f2Sq6 layout-fullwidth align-stretch\"><div class=\"guten-container guten-column-gap-no\">\n<div class=\"wp-block-gutenverse-column guten-element guten-column guten-a39AOA\"><div class=\"guten-column-wrapper\" data-id=\"a39AOA\">\n<div class=\"guten-element guten-icon-list guten-rN9mq3 animated guten-element-hide desktop-fadeInUp\"><div class=\" list-wrapper \">\n<div class=\"guten-element guten-icon-list-item guten-xAo3KF\"><div class=\"list-divider\"><\/div><a id=\"guten-xAo3KF\"><i class=\"fas fa-check-circle\"><\/i><span class=\"list-text \">Mentoring &#038; Schulung durch erfahrene Fachkr\u00e4fte<\/span><\/a><\/div>\n\n\n\n<div class=\"guten-element guten-icon-list-item guten-qbX2EE\"><div class=\"list-divider\"><\/div><a id=\"guten-qbX2EE\"><i class=\"fas fa-check-circle\"><\/i><span class=\"list-text \">Lernen Sie aus echtem Kundenfeedback<\/span><\/a><\/div>\n<\/div><\/div>\n<\/div><\/div>\n\n\n\n<div class=\"wp-block-gutenverse-column guten-element guten-column guten-mIMyLy\"><div class=\"guten-column-wrapper\" data-id=\"mIMyLy\">\n<div class=\"guten-element guten-icon-list guten-EEUOK8 animated guten-element-hide desktop-fadeInUp\"><div class=\" list-wrapper \">\n<div class=\"guten-element guten-icon-list-item guten-4iyYwf\"><div class=\"list-divider\"><\/div><a id=\"guten-4iyYwf\"><i class=\"fas fa-check-circle\"><\/i><span class=\"list-text \">Aufgaben f\u00fcr kleine und gro\u00dfe Kundenprojekte<\/span><\/a><\/div>\n\n\n\n<div class=\"guten-element guten-icon-list-item guten-XOWEvn\"><div class=\"list-divider\"><\/div><a id=\"guten-XOWEvn\"><i class=\"fas fa-check-circle\"><\/i><span class=\"list-text \">Pers\u00f6nliche Entwicklung &#038; langfristige Perspektiven<\/span><\/a><\/div>\n<\/div><\/div>\n<\/div><\/div>\n<\/div><\/section><\/div>\n\n\n\n<div class=\"section-wrapper\" data-id=\"NIurYd\"><section class=\"wp-block-gutenverse-section guten-element guten-section guten-NIurYd layout-fullwidth align-stretch\"><div class=\"guten-container guten-column-gap-no\">\n<div class=\"wp-block-gutenverse-column guten-element guten-column guten-g7ekHz animated guten-element-hide desktop-fadeInUp\"><div class=\"guten-column-wrapper\" data-id=\"g7ekHz\">\n<div class=\"wp-block-gutenverse-icon guten-element guten-2oi0iY guten-icon\"><span class=\"guten-icon-wrapper rounded stacked\"><i class=\"gtn gtn-badge\"><\/i><\/span><\/div>\n\n\n\n<div class=\"guten-element guten-KZTt43 guten-fun-fact align-center hover-from-left\"><div class=\"fun-fact-inner\"><div class=\"content\"><div class=\"number-wrapper\"><span class=\"prefix\"><\/span><span class=\"number loaded\" data-number=\"18\" data-duration=\"3500\"><\/span><span class=\"suffix\"><\/span><sup class=\"super\">+<\/sup><\/div><span class=\"title\">Jahre Erfahrung im Vertrieb<\/span><\/div><\/div><\/div>\n<\/div><\/div>\n\n\n\n<div class=\"wp-block-gutenverse-column guten-element guten-column guten-qknyf9 animated guten-element-hide desktop-fadeInUp\"><div class=\"guten-column-wrapper\" data-id=\"qknyf9\">\n<div class=\"wp-block-gutenverse-icon guten-element guten-5pOEJt guten-icon\"><span class=\"guten-icon-wrapper rounded stacked\"><i class=\"gtn gtn-phone-call-line\"><\/i><\/span><\/div>\n\n\n\n<div class=\"guten-element guten-CJWlLs guten-fun-fact align-center hover-from-left\"><div class=\"fun-fact-inner\"><div class=\"content\"><div class=\"number-wrapper\"><span class=\"prefix\"><\/span><span class=\"number loaded\" data-number=\"520\" data-duration=\"3500\"><\/span><span class=\"suffix\"><\/span><sup class=\"super\">+<\/sup><\/div><span class=\"title\">Calls pro Tag<\/span><\/div><\/div><\/div>\n<\/div><\/div>\n<\/div><\/section><\/div>\n<\/div><\/div>\n\n\n\n<div class=\"wp-block-gutenverse-column guten-element guten-column guten-kcLokJ animated guten-element-hide desktop-fadeInRight\"><div class=\"guten-column-wrapper\" data-id=\"kcLokJ\">\n<div class=\"guten-element guten-spacer guten-DQpzRy\"><\/div>\n\n\n\n<div class=\"guten-element guten-wrap-helper no-margin guten-6NivXf animated guten-element-hide desktop-fadeInUp flex\"><div class=\"guten-inner-wrap\" data-id=\"6NivXf\">\n<h4 class=\"wp-block-gutenverse-heading guten-element guten-dkvHw9\">Wenn Sie Hilfe ben\u00f6tigen, lassen Sie sich beraten<\/h4>\n\n\n\n<div class=\"guten-element guten-button-wrapper guten-OX9WKn\"><a class=\"guten-button guten-button-sm\" href=\"#\"><span>Erste Schritte<\/span><i class=\"fa-lg fas fa-arrow-right\"><\/i><\/a><\/div>\n\n\n\n<div class=\"wp-block-gutenverse-icon guten-element guten-sgxlwI guten-icon\"><span class=\"guten-icon-wrapper square stacked\"><i class=\"fas fa-sort-down\"><\/i><\/span><\/div>\n<\/div><\/div>\n<\/div><\/div>\n<\/div><\/section><\/div>\n\n\n\n<div class=\"section-wrapper\" data-id=\"9qhD0c\"><section class=\"wp-block-gutenverse-section guten-element guten-section guten-9qhD0c layout-boxed align-stretch\"><div class=\"guten-container guten-column-gap-default\">\n<div class=\"wp-block-gutenverse-column guten-element guten-column guten-WHdWH3\"><div class=\"guten-column-wrapper\" data-id=\"WHdWH3\">\n<div class=\"section-wrapper\" data-id=\"wR0FRd\"><section class=\"wp-block-gutenverse-section guten-element guten-section guten-wR0FRd layout-fullwidth align-stretch\"><div class=\"guten-container guten-column-gap-no\">\n<div class=\"wp-block-gutenverse-column guten-element guten-column guten-6N1VYW animated guten-element-hide desktop-fadeInUp\"><div class=\"guten-column-wrapper\" data-id=\"6N1VYW\">\n<div class=\"guten-element guten-UpS7Yq guten-icon-box icon-position-top\"><div class=\"guten-icon-box-wrapper hover-from-bottom\"><div class=\"icon-box icon-box-header\"><div class=\"icon bg-style-color type-image\"><img decoding=\"async\" src=\"https:\/\/good-sales.alpeinsoft.com\/wp-content\/uploads\/2025\/06\/call-center-icon-callerr.webp\" loading=\"lazy\"\/><\/div><\/div><div class=\"icon-box icon-box-body\"><h3 class=\"title\"><strong>Telesales-Manager (m\/w\/d)<\/strong><br><\/h3><p class=\"icon-box-description\"><strong>Vertrieb \/ Telefonie im Finanzbereich | M\u00fcnchen<\/strong><br>Sie lieben Kommunikation und \u00fcberzeugen am Telefon durch Kompetenz und Leidenschaft? Sie m\u00f6chten Ihren Erfolg selbst in die Hand nehmen und suchen eine T\u00e4tigkeit, die sowohl Spa\u00df macht als auch \u00fcberdurchschnittlich gut verg\u00fctet wird? Dann werden Sie Teil unseres Teams bei <strong>GoodSales<\/strong>, der spezialisierten Vertriebsagentur f\u00fcr professionelle Telemarketing- und Beratungsleistungen im Finanzsektor!<\/p>\n<div class=\"guten-element guten-button-wrapper guten-msBiWJ\"><a class=\"guten-button guten-button-sm\" href=\"telesales-manager\"><span>Jetzt bewerben<\/span><\/a><\/div>\n<\/div><\/div><\/div>\n<\/div><\/div>\n\n\n\n<div class=\"wp-block-gutenverse-column guten-element guten-column guten-FKRo9i animated guten-element-hide desktop-fadeInUp\"><div class=\"guten-column-wrapper\" data-id=\"FKRo9i\">\n<div class=\"guten-element guten-fpfjue guten-icon-box icon-position-top\"><div class=\"guten-icon-box-wrapper hover-from-bottom\"><div class=\"icon-box icon-box-header\"><div class=\"icon bg-style-color type-image\"><img decoding=\"async\" src=\"https:\/\/good-sales.alpeinsoft.com\/wp-content\/uploads\/2025\/06\/virtual-icon-callerr.webp\" loading=\"lazy\"\/><\/div><\/div><div class=\"icon-box icon-box-body\"><h3 class=\"title\"><strong>Mitarbeiter BackOffice \/ Vertriebsinnendienst (m\/w\/d)<\/strong><\/h3><p class=\"icon-box-description\"><strong>Sachbearbeitung und Kundenservice | M\u00fcnchen<\/strong><br>Organisationstalent, Kundenorientierung und eine strukturierte Arbeitsweise zeichnen Sie aus? Sie arbeiten gerne im Hintergrund und halten dem Vertrieb den R\u00fccken frei? Dann verst\u00e4rken Sie unser Team bei <strong>GoodSales \u2013 eine Marke der GoodMen Group GmbH &amp; Co KG<\/strong> in M\u00fcnchen!<br><br><\/p>\n<div class=\"guten-element guten-button-wrapper guten-JnmWfS\"><a class=\"guten-button guten-button-sm\" href=\"mitarbeiter-backoffice-vertriebsinnendienst-m-w-d\"><span>Jetzt bewerben<\/span><\/a><\/div>\n<\/div><\/div><\/div>\n<\/div><\/div>\n<\/div><\/section><\/div>\n<\/div><\/div>\n<\/div><\/section><\/div>\n\n\n\n<div class=\"section-wrapper\" data-id=\"PLK49T\"><section class=\"wp-block-gutenverse-section guten-element guten-section guten-PLK49T layout-boxed align-stretch\"><div class=\"guten-shape-divider guten-shape-divider-top\"><\/div><div class=\"guten-container guten-column-gap-default\">\n<div class=\"wp-block-gutenverse-column guten-element guten-column guten-2Vx6Pi\"><div class=\"guten-column-wrapper\" data-id=\"2Vx6Pi\">\n<div class=\"section-wrapper\" data-id=\"8zSqRe\"><section class=\"wp-block-gutenverse-section guten-element guten-section guten-8zSqRe hide-desktop hide-tablet hide-mobile layout-fullwidth align-stretch\"><div class=\"guten-container guten-column-gap-no\">\n<div class=\"wp-block-gutenverse-column guten-element guten-column guten-u0q2zh\"><div class=\"guten-column-wrapper\" data-id=\"u0q2zh\">\n<h3 class=\"wp-block-gutenverse-heading guten-element guten-4mosQV\">Abonnieren Sie unseren Newsletter<\/h3>\n\n\n\n<div class=\"guten-element gutenverse-text-editor guten-MTGGLm\"><div class=\"text-content-inner\">\n<p>Lorem ipsum dolor sit amet, consectetur adipiscing elit, sed do eiusmod tempor incididunt ut labore et dolore.<\/p>\n<\/div><\/div>\n<\/div><\/div>\n\n\n\n<div class=\"wp-block-gutenverse-column guten-element guten-column guten-7VWQRT\"><div class=\"guten-column-wrapper\" data-id=\"7VWQRT\">\n<form style=\"display:none\" class=\"guten-element guten-form-builder guten-MSfHy2\" data-form-id=\"241\" data-hide-after=\"false\">\n<div class=\"guten-element guten-form-input-email guten-form-input guten-input-position-top guten-jzS3uP hide-label hide-helper\"><div class=\"label-wrapper\"><\/div><div class=\"main-wrapper\"><input data-validation=\"{&quot;type&quot;:&quot;email&quot;,&quot;required&quot;:false,&quot;validationType&quot;:&quot;none&quot;,&quot;validationWarning&quot;:&quot;Input Invalid&quot;}\" placeholder=\"Geben Sie Ihre E-Mail-Adresse ein\" name=\"input-email\" class=\"gutenverse-input gutenverse-input-email\" type=\"email\"\/><div class=\"validation-error\">Input Invalid<\/div><\/div><\/div>\n\n\n\n<div class=\"guten-element guten-button-wrapper guten-submit-wrapper guten-zrBS96\"><div class=\"form-notification\"><\/div><button class=\"guten-button gutenverse-input-submit guten-button-sm\" type=\"submit\"><span>Abonnieren<\/span><\/button><div class=\"gutenverse-input-submit-loader\"><i class=\"fas fa-spinner fa-spin\"><\/i><\/div><\/div>\n<\/form>\n<\/div><\/div>\n<\/div><\/section><\/div>\n\n\n\n<div class=\"section-wrapper\" data-id=\"P2C9n5\"><section class=\"wp-block-gutenverse-section guten-element guten-section guten-P2C9n5 layout-fullwidth align-stretch\"><div class=\"guten-container guten-column-gap-no\">\n<div class=\"wp-block-gutenverse-column guten-element guten-column guten-lZFk45\"><div class=\"guten-column-wrapper\" data-id=\"lZFk45\">\n<div class=\"wp-block-gutenverse-image guten-element guten-image guten-hjlCeM\"><a class=\"guten-image-wrapper\" href=\"\/\"><img loading=\"lazy\" decoding=\"async\" class=\"gutenverse-image-box-filled\" src=\"http:\/\/good-sales.alpeinsoft.com\/wp-content\/uploads\/2025\/06\/GOODSALES-white.png\" height=\"383\" width=\"945\"\/><\/a><\/div>\n\n\n\n<div class=\"guten-element gutenverse-text-editor guten-qUlebG\"><div class=\"text-content-inner\">\n<p>   Wir geben Ihrer Marke eine Stimme.<\/p>\n<\/div><\/div>\n\n\n\n<div class=\"guten-element guten-icon-list guten-Mueig4\"><div class=\" list-wrapper \">\n<div class=\"guten-element guten-icon-list-item guten-WxnC8F\"><div class=\"list-divider\"><\/div><a id=\"guten-WxnC8F\"><i class=\"fas fa-map-marker-alt\"><\/i><span class=\"list-text \">Hofmannstra\u00dfe 7B, 81379 M\u00fcnchen<\/span><\/a><\/div>\n\n\n\n<div class=\"guten-element guten-icon-list-item guten-QgwZ1O\"><div class=\"list-divider\"><\/div><a id=\"guten-QgwZ1O\"><i class=\"fas fa-envelope\"><\/i><span class=\"list-text \">info@good-sales.de<\/span><\/a><\/div>\n\n\n\n<div class=\"guten-element guten-icon-list-item guten-ICU2dW\"><div class=\"list-divider\"><\/div><a id=\"guten-ICU2dW\"><i class=\"fas fa-phone\"><\/i><span class=\"list-text \">089 \/ 74 88 04 3-11<\/span><\/a><\/div>\n<\/div><\/div>\n<\/div><\/div>\n\n\n\n<div class=\"wp-block-gutenverse-column guten-element guten-column guten-80dmaH\"><div class=\"guten-column-wrapper\" data-id=\"80dmaH\">\n<h4 class=\"wp-block-gutenverse-heading guten-element guten-Oani0a\">Quick Links<\/h4>\n\n\n\n<div class=\"wp-block-gutenverse-divider guten-element guten-divider guten-J20W3J\"><div class=\"guten-divider-wrapper\"><div class=\"guten-divider-default guten-divider-line guten-divider-regular\"><\/div><\/div><\/div>\n\n\n\n<div class=\"guten-element guten-icon-list guten-gyzYec\"><div class=\" list-wrapper \">\n<div class=\"guten-element guten-icon-list-item guten-69NAd2\"><div class=\"list-divider\"><\/div><a id=\"guten-69NAd2\" href=\"index.php\/careers\/\"><i class=\"fas fa-angle-right\"><\/i><span class=\"list-text \">Karriere<\/span><\/a><\/div>\n\n\n\n<div class=\"guten-element guten-icon-list-item guten-sOtFgR\"><div class=\"list-divider\"><\/div><a id=\"guten-sOtFgR\" href=\"index.php\/blog\/\"><i class=\"fas fa-angle-right\"><\/i><span class=\"list-text \">Blog<\/span><\/a><\/div>\n\n\n\n<div class=\"guten-element guten-icon-list-item guten-sSt3f3\"><div class=\"list-divider\"><\/div><a id=\"guten-sSt3f3\" href=\"index.php\/contact\/\"><i class=\"fas fa-angle-right\"><\/i><span class=\"list-text \">Kontakt<\/span><\/a><\/div>\n<\/div><\/div>\n<\/div><\/div>\n\n\n\n<div class=\"wp-block-gutenverse-column guten-element guten-column guten-JpcSA1\"><div class=\"guten-column-wrapper\" data-id=\"JpcSA1\">\n<h4 class=\"wp-block-gutenverse-heading guten-element guten-pQt1Fa\">Useful Links<\/h4>\n\n\n\n<div class=\"wp-block-gutenverse-divider guten-element guten-divider guten-25MWcA\"><div class=\"guten-divider-wrapper\"><div class=\"guten-divider-default guten-divider-line guten-divider-regular\"><\/div><\/div><\/div>\n\n\n\n<div class=\"guten-element guten-icon-list guten-aK5T26\"><div class=\" list-wrapper \">\n<div class=\"guten-element guten-icon-list-item guten-0ByJCT hide-desktop hide-tablet hide-mobile\"><div class=\"list-divider\"><\/div><a id=\"guten-0ByJCT\" href=\"index.php\/privacy-policy\/\"><i class=\"fas fa-angle-right\"><\/i><span class=\"list-text \">Privacy Policy<\/span><\/a><\/div>\n\n\n\n<div class=\"guten-element guten-icon-list-item guten-TIY4bR\"><div class=\"list-divider\"><\/div><a id=\"guten-TIY4bR\" href=\"index.php\/impressum\"><i class=\"fas fa-angle-right\"><\/i><span class=\"list-text \">Impressum<\/span><\/a><\/div>\n\n\n\n<div class=\"guten-element guten-icon-list-item guten-ixD6vI\"><div class=\"list-divider\"><\/div><a id=\"guten-ixD6vI\" href=\"index.php\/datenschutz\/\"><i class=\"fas fa-angle-right\"><\/i><span class=\"list-text \">Datenschutz<\/span><\/a><\/div>\n<\/div><\/div>\n<\/div><\/div>\n\n\n\n<div class=\"wp-block-gutenverse-column guten-element guten-column guten-GSpf2H\"><div class=\"guten-column-wrapper\" data-id=\"GSpf2H\">\n<h4 class=\"wp-block-gutenverse-heading guten-element guten-MvKdUD\">Work Hours<\/h4>\n\n\n\n<div class=\"wp-block-gutenverse-divider guten-element guten-divider guten-PahcTT\"><div class=\"guten-divider-wrapper\"><div class=\"guten-divider-default guten-divider-line guten-divider-regular\"><\/div><\/div><\/div>\n\n\n\n<div class=\"guten-element guten-icon-list guten-iMsbdf\"><div class=\" list-wrapper \">\n<div class=\"guten-element guten-icon-list-item guten-HI4w11\"><div class=\"list-divider\"><\/div><a id=\"guten-HI4w11\"><i class=\"far fa-clock\"><\/i><span class=\"list-text \">9 AM &#8211; 5 PM , Monday &#8211; Saturday<\/span><\/a><\/div>\n<\/div><\/div>\n\n\n\n<div class=\"guten-element gutenverse-text-editor guten-on1iAN\"><div class=\"text-content-inner\">\n<p><\/p>\n<\/div><\/div>\n\n\n\n<div class=\"guten-element guten-button-wrapper guten-pKo61l\"><a class=\"guten-button guten-button-sm\" href=\"#\"><span>Jetzt anrufen<\/span><\/a><\/div>\n<\/div><\/div>\n<\/div><\/section><\/div>\n\n\n\n<div class=\"section-wrapper\" data-id=\"fPUPV9\"><section class=\"wp-block-gutenverse-section guten-element guten-section guten-fPUPV9 layout-fullwidth align-stretch\"><div class=\"guten-container guten-column-gap-no\">\n<div class=\"wp-block-gutenverse-column guten-element guten-column guten-NF1Tgo\"><div class=\"guten-column-wrapper\" data-id=\"NF1Tgo\">\n<div class=\"guten-element gutenverse-text-editor guten-QewmYY\"><div class=\"text-content-inner\">\n<p>Copyright \u00a9 good-sales.de 2025. All rights reserved.<\/p>\n<\/div><\/div>\n<\/div><\/div>\n<\/div><\/section><\/div>\n<\/div><\/div>\n<\/div><\/section><\/div>\n","protected":false},"excerpt":{"rendered":"","protected":false},"author":1,"featured_media":0,"parent":0,"menu_order":0,"comment_status":"closed","ping_status":"closed","template":"blank-canvas","meta":{"footnotes":""},"class_list":["post-76","page","type-page","status-publish","hentry"],"_links":{"self":[{"href":"https:\/\/good-sales.alpeinsoft.com\/index.php\/wp-json\/wp\/v2\/pages\/76","targetHints":{"allow":["GET"]}}],"collection":[{"href":"https:\/\/good-sales.alpeinsoft.com\/index.php\/wp-json\/wp\/v2\/pages"}],"about":[{"href":"https:\/\/good-sales.alpeinsoft.com\/index.php\/wp-json\/wp\/v2\/types\/page"}],"author":[{"embeddable":true,"href":"https:\/\/good-sales.alpeinsoft.com\/index.php\/wp-json\/wp\/v2\/users\/1"}],"replies":[{"embeddable":true,"href":"https:\/\/good-sales.alpeinsoft.com\/index.php\/wp-json\/wp\/v2\/comments?post=76"}],"version-history":[{"count":14,"href":"https:\/\/good-sales.alpeinsoft.com\/index.php\/wp-json\/wp\/v2\/pages\/76\/revisions"}],"predecessor-version":[{"id":297,"href":"https:\/\/good-sales.alpeinsoft.com\/index.php\/wp-json\/wp\/v2\/pages\/76\/revisions\/297"}],"wp:attachment":[{"href":"https:\/\/good-sales.alpeinsoft.com\/index.php\/wp-json\/wp\/v2\/media?parent=76"}],"curies":[{"name":"wp","href":"https:\/\/api.w.org\/{rel}","templated":true}]}}